{"id":13522,"date":"2023-01-05T14:20:06","date_gmt":"2023-01-05T13:20:06","guid":{"rendered":"https:\/\/quantic-color-studio.com\/?page_id=13522"},"modified":"2025-01-17T15:28:26","modified_gmt":"2025-01-17T14:28:26","slug":"services","status":"publish","type":"page","link":"https:\/\/quantic-color-studio.com\/?page_id=13522","title":{"rendered":"Services"},"content":{"rendered":"\t\t<div data-elementor-type=\"wp-page\" data-elementor-id=\"13522\" class=\"elementor elementor-13522\">\n\t\t\t\t\t\t<section class=\"elementor-section elementor-top-section elementor-element elementor-element-b40224e elementor-section-boxed elementor-section-height-default elementor-section-height-default\" data-id=\"b40224e\" data-element_type=\"section\">\n\t\t\t\t\t\t<div class=\"elementor-container elementor-column-gap-default\">\n\t\t\t\t\t<div class=\"elementor-column elementor-col-100 elementor-top-column elementor-element elementor-element-0c8b447\" data-id=\"0c8b447\" data-element_type=\"column\">\n\t\t\t<div class=\"elementor-widget-wrap elementor-element-populated\">\n\t\t\t\t\t\t<div class=\"elementor-element elementor-element-827c6cb elementor-widget elementor-widget-pix-sliding-text\" data-id=\"827c6cb\" data-element_type=\"widget\" data-widget_type=\"pix-sliding-text.default\">\n\t\t\t\t<div class=\"elementor-widget-container\">\n\t\t\t<div id=\"sliding-text-90738614\" class=\"mb-3 text-center \"><h1 class=\"mb-32 pix-sliding-headline font-weight-bold body-font\" data-class=\"body-font text-gradient-primary\" data-style=\"\">Vous souhaitez faire peindre vos figurines ? \nDiscutons en.<\/h1><\/div>\t\t<\/div>\n\t\t\t\t<\/div>\n\t\t\t\t\t<\/div>\n\t\t<\/div>\n\t\t\t\t\t<\/div>\n\t\t<\/section>\n\t\t\t\t<section class=\"elementor-section elementor-top-section elementor-element elementor-element-29a443a elementor-section-boxed elementor-section-height-default elementor-section-height-default\" data-id=\"29a443a\" data-element_type=\"section\">\n\t\t\t\t\t\t<div class=\"elementor-container elementor-column-gap-default\">\n\t\t\t\t\t<div class=\"elementor-column elementor-col-100 elementor-top-column elementor-element elementor-element-0307c55\" data-id=\"0307c55\" data-element_type=\"column\">\n\t\t\t<div class=\"elementor-widget-wrap elementor-element-populated\">\n\t\t\t\t\t\t<div class=\"elementor-element elementor-element-8f085d4 elementor-widget elementor-widget-text-editor\" data-id=\"8f085d4\" data-element_type=\"widget\" data-widget_type=\"text-editor.default\">\n\t\t\t\t<div class=\"elementor-widget-container\">\n\t\t\t<style>\/*! elementor - v3.23.0 - 05-08-2024 *\/\n.elementor-widget-text-editor.elementor-drop-cap-view-stacked .elementor-drop-cap{background-color:#69727d;color:#fff}.elementor-widget-text-editor.elementor-drop-cap-view-framed .elementor-drop-cap{color:#69727d;border:3px solid;background-color:transparent}.elementor-widget-text-editor:not(.elementor-drop-cap-view-default) .elementor-drop-cap{margin-top:8px}.elementor-widget-text-editor:not(.elementor-drop-cap-view-default) .elementor-drop-cap-letter{width:1em;height:1em}.elementor-widget-text-editor .elementor-drop-cap{float:left;text-align:center;line-height:1;font-size:50px}.elementor-widget-text-editor .elementor-drop-cap-letter{display:inline-block}<\/style>\t\t\t\t<h5>V\u00e9ritable passionn\u00e9 j&rsquo;ai d\u00e9cid\u00e9\u00a0de\u00a0mettre mon savoir faire \u00e0 votre service.<\/h5><h5>\u00a0<\/h5><h5>Un suivi photo pour chaque projet est r\u00e9alis\u00e9 par mail.<br \/>Ce sont vos figurines, le r\u00e9sultat doit vous satisfaire.<\/h5><p>\u00a0<\/p><h5><strong>Diff\u00e9rentes qualit\u00e9s <\/strong><strong>de finition sont propos\u00e9es par le studio :<\/strong><\/h5><p>\u00a0<\/p>\t\t\t\t\t\t<\/div>\n\t\t\t\t<\/div>\n\t\t\t\t\t<\/div>\n\t\t<\/div>\n\t\t\t\t\t<\/div>\n\t\t<\/section>\n\t\t\t\t<section class=\"elementor-section elementor-top-section elementor-element elementor-element-b7da068 elementor-section-boxed elementor-section-height-default elementor-section-height-default\" data-id=\"b7da068\" data-element_type=\"section\" data-settings=\"{&quot;background_background&quot;:&quot;classic&quot;}\">\n\t\t\t\t\t\t<div class=\"elementor-container elementor-column-gap-default\">\n\t\t\t\t\t<div class=\"elementor-column elementor-col-100 elementor-top-column elementor-element elementor-element-79609be\" data-id=\"79609be\" data-element_type=\"column\">\n\t\t\t<div class=\"elementor-widget-wrap\">\n\t\t\t\t\t\t\t<\/div>\n\t\t<\/div>\n\t\t\t\t\t<\/div>\n\t\t<\/section>\n\t\t\t\t<section class=\"elementor-section elementor-top-section elementor-element elementor-element-3564d8c elementor-section-stretched elementor-section-boxed elementor-section-height-default elementor-section-height-default\" data-id=\"3564d8c\" data-element_type=\"section\" data-settings=\"{&quot;stretch_section&quot;:&quot;section-stretched&quot;,&quot;background_background&quot;:&quot;classic&quot;}\">\n\t\t\t\t\t\t<div class=\"elementor-container elementor-column-gap-default\">\n\t\t\t\t\t<div class=\"elementor-column elementor-col-100 elementor-top-column elementor-element elementor-element-82d40d2\" data-id=\"82d40d2\" data-element_type=\"column\">\n\t\t\t<div class=\"elementor-widget-wrap elementor-element-populated\">\n\t\t\t\t\t\t<div class=\"elementor-element elementor-element-af28d51 elementor-widget__width-initial elementor-absolute elementor-widget-mobile__width-initial elementor-widget elementor-widget-pix-dividers\" data-id=\"af28d51\" data-element_type=\"widget\" data-settings=\"{&quot;_position&quot;:&quot;absolute&quot;}\" data-widget_type=\"pix-dividers.default\">\n\t\t\t\t<div class=\"elementor-widget-container\">\n\t\t\t<div class=\"pix-divider  position-relative pix-top-divider\" data-style=\"style-dynamic\" style=\"top:-1px;\"><div class=\"pix-dividers-box\" >\n                    <svg class=\"pix-shape-dividers\"  viewBox=\"0 0 100 100\" preserveAspectRatio=\"none\">\n                        <defs><\/defs><path d=\"\" class=\"\" fill=\"#f8f9fa\"><\/path><path d=\"\" class=\"\" fill=\"#f8f9fa\"><\/path><path d=\"\" class=\"\" fill=\"#FFFFFF\"><\/path>\n                    <\/svg>\n                <\/div><\/div>\t\t<\/div>\n\t\t\t\t<\/div>\n\t\t\t\t\t<\/div>\n\t\t<\/div>\n\t\t\t\t\t<\/div>\n\t\t<\/section>\n\t\t\t\t<section class=\"elementor-section elementor-top-section elementor-element elementor-element-07e55a4 elementor-section-boxed elementor-section-height-default elementor-section-height-default\" data-id=\"07e55a4\" data-element_type=\"section\" data-settings=\"{&quot;background_background&quot;:&quot;classic&quot;}\">\n\t\t\t\t\t\t<div class=\"elementor-container elementor-column-gap-default\">\n\t\t\t\t\t<div class=\"elementor-column elementor-col-33 elementor-top-column elementor-element elementor-element-a9492c4\" data-id=\"a9492c4\" data-element_type=\"column\">\n\t\t\t<div class=\"elementor-widget-wrap elementor-element-populated\">\n\t\t\t\t\t\t<div class=\"elementor-element elementor-element-bf146f0 elementor-invisible elementor-widget elementor-widget-pix-feature\" data-id=\"bf146f0\" data-element_type=\"widget\" data-settings=\"{&quot;_animation&quot;:&quot;fadeIn&quot;}\" data-widget_type=\"pix-feature.default\">\n\t\t\t\t<div class=\"elementor-widget-container\">\n\t\t\t<div id=\"duo-icon-192337343\" class=\"pix-feature-el text-center \"><div class=\"feature_img \"   style=\"\"><img decoding=\"async\" style=\"width:;height:;\" class=\"img-fluid2 pix-fit-cover2 pix-fit-contain  \" src=\"https:\/\/quantic-color-studio.com\/wp-content\/uploads\/2023\/01\/WhatsApp-Image-2023-01-09-at-4.38.38-PM-1024x527.jpeg\" alt=\"TABLETOP\"><\/div><h4 class=\"font-weight-bold   text-cyan \" style=\"padding-top:20px;\"  >TABLETOP<\/h4><div class=\"text-white    font-weight-bold  \" style=\"padding-top:20px;\"  >Travail efficace avec un tr\u00e8s bon rendu de masse, parfait pour de la peinture d'arm\u00e9e ou autres figurines de jeux.<\/div><\/div>\t\t<\/div>\n\t\t\t\t<\/div>\n\t\t\t\t<div class=\"elementor-element elementor-element-554cd8a elementor-widget elementor-widget-text-editor\" data-id=\"554cd8a\" data-element_type=\"widget\" data-widget_type=\"text-editor.default\">\n\t\t\t\t<div class=\"elementor-widget-container\">\n\t\t\t\t\t\t\t<p>Infanterie : \u00e0 partir de 20 \u20ac<\/p><p>Cavalerie, Terminators, etc. : \u00e0 partir de 40 \u20ac<\/p><p>Tanks, Chars de guerre : \u00e0 partir de 100 \u20ac<\/p><p>Monstres ou grosses pi\u00e8ces : \u00e0 partir de 150 \u20ac<\/p>\t\t\t\t\t\t<\/div>\n\t\t\t\t<\/div>\n\t\t\t\t\t<\/div>\n\t\t<\/div>\n\t\t\t\t<div class=\"elementor-column elementor-col-33 elementor-top-column elementor-element elementor-element-5c0db6a\" data-id=\"5c0db6a\" data-element_type=\"column\">\n\t\t\t<div class=\"elementor-widget-wrap elementor-element-populated\">\n\t\t\t\t\t\t<div class=\"elementor-element elementor-element-288dd40 elementor-invisible elementor-widget elementor-widget-pix-feature\" data-id=\"288dd40\" data-element_type=\"widget\" data-settings=\"{&quot;_animation&quot;:&quot;fadeIn&quot;}\" data-widget_type=\"pix-feature.default\">\n\t\t\t\t<div class=\"elementor-widget-container\">\n\t\t\t<div id=\"duo-icon-89811637\" class=\"pix-feature-el text-center \"><div class=\"feature_img \"   style=\"\"><img decoding=\"async\" style=\"width:;height:;\" class=\"img-fluid2 pix-fit-cover2 pix-fit-contain  \" src=\"https:\/\/quantic-color-studio.com\/wp-content\/uploads\/2023\/01\/Warhammer-Underworld-6-1024x527.jpg\" alt=\"ELITE :  le + demand\u00e9\"><\/div><h4 class=\"font-weight-bold   text-red \" style=\"padding-top:20px;\"  >ELITE :  le + demand\u00e9<\/h4><div class=\"text-white    font-weight-bold  \" style=\"padding-top:20px;\"  >Travail tr\u00e8s aboutie avec utilisation de techniques avanc\u00e9es telle que les d\u00e9grad\u00e9s et assombrissement tr\u00e8s fins, glacis, utilisation de pigments et autres effet OSL* etc...R\u00e9sultat de grande qualit\u00e9, parfait pour des arm\u00e9es d\u2019exception, des pi\u00e8ces ma\u00eetresses ou bien des bandes d'escarmouches.<\/div><\/div>\t\t<\/div>\n\t\t\t\t<\/div>\n\t\t\t\t<div class=\"elementor-element elementor-element-a24ebcb elementor-widget elementor-widget-text-editor\" data-id=\"a24ebcb\" data-element_type=\"widget\" data-widget_type=\"text-editor.default\">\n\t\t\t\t<div class=\"elementor-widget-container\">\n\t\t\t\t\t\t\t<p>Infanterie : \u00e0 partir de 30 \u20ac<\/p><p>Cavalerie, Terminators, etc. : \u00e0 partir de 60 \u20ac<\/p><p>Tanks, Chars de guerre : \u00e0 partir de 150 \u20ac<\/p><p>Monstres ou grosses pi\u00e8ces : \u00e0 partir de 200 \u20ac<\/p>\t\t\t\t\t\t<\/div>\n\t\t\t\t<\/div>\n\t\t\t\t\t<\/div>\n\t\t<\/div>\n\t\t\t\t<div class=\"elementor-column elementor-col-33 elementor-top-column elementor-element elementor-element-b03c08d\" data-id=\"b03c08d\" data-element_type=\"column\">\n\t\t\t<div class=\"elementor-widget-wrap elementor-element-populated\">\n\t\t\t\t\t\t<div class=\"elementor-element elementor-element-9826da5 elementor-invisible elementor-widget elementor-widget-pix-feature\" data-id=\"9826da5\" data-element_type=\"widget\" data-settings=\"{&quot;_animation&quot;:&quot;fadeIn&quot;}\" data-widget_type=\"pix-feature.default\">\n\t\t\t\t<div class=\"elementor-widget-container\">\n\t\t\t<div id=\"duo-icon-171820633\" class=\"pix-feature-el text-center \"><div class=\"feature_img \"   style=\"\"><img decoding=\"async\" style=\"width:;height:;\" class=\"img-fluid2 pix-fit-cover2 pix-fit-contain  \" src=\"https:\/\/quantic-color-studio.com\/wp-content\/uploads\/2023\/01\/WhatsApp-Image-2023-01-09-at-4.45.46-PM-1024x527.jpeg\" alt=\"MASTER\"><\/div><h4 class=\"font-weight-bold   text-yellow \" style=\"padding-top:20px;\"  >MASTER<\/h4><div class=\"text-white    font-weight-bold  \" style=\"padding-top:20px;\"  >Ce service est parfait pour des pi\u00e8ces d'exposition et de concours, il s'agit de mettre tout mon savoir faire sur des pi\u00e8ces                                                           hors du communs. Peinture d\u2019excellence soutenue par un socle ouvrag\u00e9.                                                                *OSL : Object Source Lighting-les sources de lumi\u00e8res<\/div><\/div>\t\t<\/div>\n\t\t\t\t<\/div>\n\t\t\t\t<div class=\"elementor-element elementor-element-c895920 elementor-widget elementor-widget-text-editor\" data-id=\"c895920\" data-element_type=\"widget\" data-widget_type=\"text-editor.default\">\n\t\t\t\t<div class=\"elementor-widget-container\">\n\t\t\t\t\t\t\t<p>Infanterie : \u00e0 partir de 150 \u20ac<\/p><p>Cavalerie, Terminators, etc. : \u00e0 partir de 200 \u20ac<\/p><p>Tanks, Chars de guerre : \u00e0 partir de 400 \u20ac<\/p><p>Monstres ou grosses pi\u00e8ces : \u00e0 partir de 600 \u20ac<\/p>\t\t\t\t\t\t<\/div>\n\t\t\t\t<\/div>\n\t\t\t\t\t<\/div>\n\t\t<\/div>\n\t\t\t\t\t<\/div>\n\t\t<\/section>\n\t\t\t\t<section class=\"elementor-section elementor-top-section elementor-element elementor-element-66be44c elementor-section-boxed elementor-section-height-default elementor-section-height-default\" data-id=\"66be44c\" data-element_type=\"section\">\n\t\t\t\t\t\t<div class=\"elementor-container elementor-column-gap-default\">\n\t\t\t\t\t<div class=\"elementor-column elementor-col-100 elementor-top-column elementor-element elementor-element-6269154\" data-id=\"6269154\" data-element_type=\"column\">\n\t\t\t<div class=\"elementor-widget-wrap elementor-element-populated\">\n\t\t\t\t\t\t<div class=\"elementor-element elementor-element-9539f1a elementor-widget elementor-widget-spacer\" data-id=\"9539f1a\" data-element_type=\"widget\" data-widget_type=\"spacer.default\">\n\t\t\t\t<div class=\"elementor-widget-container\">\n\t\t\t<style>\/*! elementor - v3.23.0 - 05-08-2024 *\/\n.elementor-column .elementor-spacer-inner{height:var(--spacer-size)}.e-con{--container-widget-width:100%}.e-con-inner>.elementor-widget-spacer,.e-con>.elementor-widget-spacer{width:var(--container-widget-width,var(--spacer-size));--align-self:var(--container-widget-align-self,initial);--flex-shrink:0}.e-con-inner>.elementor-widget-spacer>.elementor-widget-container,.e-con>.elementor-widget-spacer>.elementor-widget-container{height:100%;width:100%}.e-con-inner>.elementor-widget-spacer>.elementor-widget-container>.elementor-spacer,.e-con>.elementor-widget-spacer>.elementor-widget-container>.elementor-spacer{height:100%}.e-con-inner>.elementor-widget-spacer>.elementor-widget-container>.elementor-spacer>.elementor-spacer-inner,.e-con>.elementor-widget-spacer>.elementor-widget-container>.elementor-spacer>.elementor-spacer-inner{height:var(--container-widget-height,var(--spacer-size))}.e-con-inner>.elementor-widget-spacer.elementor-widget-empty,.e-con>.elementor-widget-spacer.elementor-widget-empty{position:relative;min-height:22px;min-width:22px}.e-con-inner>.elementor-widget-spacer.elementor-widget-empty .elementor-widget-empty-icon,.e-con>.elementor-widget-spacer.elementor-widget-empty .elementor-widget-empty-icon{position:absolute;top:0;bottom:0;left:0;right:0;margin:auto;padding:0;width:22px;height:22px}<\/style>\t\t<div class=\"elementor-spacer\">\n\t\t\t<div class=\"elementor-spacer-inner\"><\/div>\n\t\t<\/div>\n\t\t\t\t<\/div>\n\t\t\t\t<\/div>\n\t\t\t\t\t<\/div>\n\t\t<\/div>\n\t\t\t\t\t<\/div>\n\t\t<\/section>\n\t\t\t\t<section class=\"elementor-section elementor-top-section elementor-element elementor-element-b54dae1 elementor-section-boxed elementor-section-height-default elementor-section-height-default\" data-id=\"b54dae1\" data-element_type=\"section\">\n\t\t\t\t\t\t<div class=\"elementor-container elementor-column-gap-default\">\n\t\t\t\t\t<div class=\"elementor-column elementor-col-100 elementor-top-column elementor-element elementor-element-aa678f9\" data-id=\"aa678f9\" data-element_type=\"column\">\n\t\t\t<div class=\"elementor-widget-wrap elementor-element-populated\">\n\t\t\t\t\t\t<div class=\"elementor-element elementor-element-169de03 elementor-widget elementor-widget-pix-sliding-text\" data-id=\"169de03\" data-element_type=\"widget\" data-widget_type=\"pix-sliding-text.default\">\n\t\t\t\t<div class=\"elementor-widget-container\">\n\t\t\t<div id=\"sliding-text-143534534\" class=\"mb-3 text-center \"><h1 class=\"mb-32 pix-sliding-headline font-weight-bold body-font\" data-class=\"body-font text-gradient-primary\" data-style=\"\">Modalit\u00e9s<\/h1><\/div>\t\t<\/div>\n\t\t\t\t<\/div>\n\t\t\t\t\t<\/div>\n\t\t<\/div>\n\t\t\t\t\t<\/div>\n\t\t<\/section>\n\t\t\t\t<section class=\"elementor-section elementor-top-section elementor-element elementor-element-2af343c elementor-section-boxed elementor-section-height-default elementor-section-height-default\" data-id=\"2af343c\" data-element_type=\"section\">\n\t\t\t\t\t\t<div class=\"elementor-container elementor-column-gap-default\">\n\t\t\t\t\t<div class=\"elementor-column elementor-col-100 elementor-top-column elementor-element elementor-element-828880e\" data-id=\"828880e\" data-element_type=\"column\">\n\t\t\t<div class=\"elementor-widget-wrap elementor-element-populated\">\n\t\t\t\t\t\t<div class=\"elementor-element elementor-element-0d62502 elementor-widget elementor-widget-text-editor\" data-id=\"0d62502\" data-element_type=\"widget\" data-widget_type=\"text-editor.default\">\n\t\t\t\t<div class=\"elementor-widget-container\">\n\t\t\t\t\t\t\t<h5><strong>Prise de&nbsp;contact :<\/strong><\/h5>\n<p>Si vous d\u00e9sirez faire peindre vos figurines par mes soins, prenez contact avec moi et discutons de votre projet. <br>Vous me pr\u00e9ciserez vos envies, si vous voulez des d\u00e9tails pr\u00e9cis , comme par exemple la r\u00e9alisation de Freehand (dessin \u00e0 main lev\u00e9), l&rsquo;aspect des socles, sous quels d\u00e9lais vous souhaitez le retour de vos figurines etc.<\/p>\n<p>Une fois ceci fait je vous transmettrai un devis estimatif.<\/p>\n<h5><strong>Acompte :<\/strong><\/h5>\n<p>Un acompte vous sera demand\u00e9 pour chaque demande de service, cet acompte \u00e9quivaut \u00e0 30% de votre commande.&nbsp;<\/p>\n<h5><strong>L&rsquo;envoi des figurines :<\/strong><\/h5>\n<p>Vous pouvez m&rsquo;envoyer vos figurines mont\u00e9es via&nbsp;colissimo&nbsp;ou bien en remise en main propre sur Lyon.&nbsp;<\/p>\n<p>Il m&rsquo;est possible d&rsquo;acheter les&nbsp;figurines&nbsp;pour vous&nbsp;en boutique&nbsp;et de les monter, pour \u00e9viter un envoi.<\/p>\n<h5><strong>La pr\u00e9paration :<\/strong><\/h5>\n<p>Toutes les figurines que je suis amen\u00e9 \u00e0 monter pour vous sont soigneusement pr\u00e9par\u00e9es et tig\u00e9es pour une meilleur r\u00e9sistance.<\/p>\n<p>&#8211; Infanterie: 3\u20ac<\/p>\n<p>&#8211; Cavalerie: 5\u20ac<\/p>\n<p>&#8211; Personnage \u00e0 pied\/Mont\u00e9: 6\u20ac<\/p>\n<p>&#8211; Personnage monstrueux\/Petit v\u00e9hicule\/Monstre: 10\u20ac<\/p>\n<p>&#8211; Monstre\/v\u00e9hicule moyen: 15\u20ac<\/p>\n<p>&#8211; V\u00e9hicule\/Monstre grand: 20\u20ac<\/p>\n<p>&#8211; Super lourd\/Grosse pi\u00e8ce : 30\u20ac<\/p>\n<p><\/p>\n<p>Le + : des parties telles que les t\u00eates, les bras ou les armes sur les v\u00e9hicules peuvent recevoir des aimants aux dimensions adapt\u00e9es afin que le joueur puisse moduler les figurines de sa collection (chaque pose d\u2019aimant est factur\u00e9e)<\/p>\n<h5><strong>Le retour :<\/strong><\/h5>\n<p>Le renvoi des figurines une fois peintes et vernies (mat ou brillant au choix) se fait via colissimo recommand\u00e9 et assur\u00e9, le tout tr\u00e8s bien prot\u00e9g\u00e9 \u00e0 l&rsquo;aide de mousse et de papier bulle. Les frais de retour sont \u00e0&nbsp;votre&nbsp;charge. Ceci ne s&rsquo;applique pas pour une remise en main&nbsp;propre.<\/p>\t\t\t\t\t\t<\/div>\n\t\t\t\t<\/div>\n\t\t\t\t\t<\/div>\n\t\t<\/div>\n\t\t\t\t\t<\/div>\n\t\t<\/section>\n\t\t\t\t<section class=\"elementor-section elementor-top-section elementor-element elementor-element-ef95a78 elementor-section-boxed elementor-section-height-default elementor-section-height-default\" data-id=\"ef95a78\" data-element_type=\"section\">\n\t\t\t\t\t\t<div class=\"elementor-container elementor-column-gap-default\">\n\t\t\t\t\t<div class=\"elementor-column elementor-col-100 elementor-top-column elementor-element elementor-element-000731c\" data-id=\"000731c\" data-element_type=\"column\">\n\t\t\t<div class=\"elementor-widget-wrap elementor-element-populated\">\n\t\t\t\t\t\t<div class=\"elementor-element elementor-element-af4b79c elementor-align-center elementor-widget elementor-widget-button\" data-id=\"af4b79c\" data-element_type=\"widget\" data-widget_type=\"button.default\">\n\t\t\t\t<div class=\"elementor-widget-container\">\n\t\t\t\t\t<div class=\"elementor-button-wrapper\">\n\t\t\t<a class=\"elementor-button elementor-button-link elementor-size-lg\" href=\"https:\/\/quantic-color-studio.com\/?page_id=13404\">\n\t\t\t\t\t\t<span class=\"elementor-button-content-wrapper\">\n\t\t\t\t\t\t<span class=\"elementor-button-icon\">\n\t\t\t\t<i aria-hidden=\"true\" class=\"far fa-hand-pointer\"><\/i>\t\t\t<\/span>\n\t\t\t\t\t\t\t\t\t<span class=\"elementor-button-text\">Contactez-moi<\/span>\n\t\t\t\t\t<\/span>\n\t\t\t\t\t<\/a>\n\t\t<\/div>\n\t\t\t\t<\/div>\n\t\t\t\t<\/div>\n\t\t\t\t\t<\/div>\n\t\t<\/div>\n\t\t\t\t\t<\/div>\n\t\t<\/section>\n\t\t\t\t<\/div>\n\t\t","protected":false},"excerpt":{"rendered":"<p>Vous souhaitez faire peindre vos figurines ? Discutons en. V\u00e9ritable passionn\u00e9 j&rsquo;ai d\u00e9cid\u00e9\u00a0de\u00a0mettre mon savoir faire \u00e0 votre service. \u00a0 Un suivi photo pour chaque projet est r\u00e9alis\u00e9 par mail.Ce sont vos figurines, le r\u00e9sultat doit vous satisfaire. \u00a0 Diff\u00e9rentes&#8230;<\/p>\n","protected":false},"author":1,"featured_media":0,"parent":0,"menu_order":0,"comment_status":"closed","ping_status":"closed","template":"","meta":{"footnotes":""},"class_list":["post-13522","page","type-page","status-publish","hentry"],"_links":{"self":[{"href":"https:\/\/quantic-color-studio.com\/index.php?rest_route=\/wp\/v2\/pages\/13522","targetHints":{"allow":["GET"]}}],"collection":[{"href":"https:\/\/quantic-color-studio.com\/index.php?rest_route=\/wp\/v2\/pages"}],"about":[{"href":"https:\/\/quantic-color-studio.com\/index.php?rest_route=\/wp\/v2\/types\/page"}],"author":[{"embeddable":true,"href":"https:\/\/quantic-color-studio.com\/index.php?rest_route=\/wp\/v2\/users\/1"}],"replies":[{"embeddable":true,"href":"https:\/\/quantic-color-studio.com\/index.php?rest_route=%2Fwp%2Fv2%2Fcomments&post=13522"}],"version-history":[{"count":30,"href":"https:\/\/quantic-color-studio.com\/index.php?rest_route=\/wp\/v2\/pages\/13522\/revisions"}],"predecessor-version":[{"id":14030,"href":"https:\/\/quantic-color-studio.com\/index.php?rest_route=\/wp\/v2\/pages\/13522\/revisions\/14030"}],"wp:attachment":[{"href":"https:\/\/quantic-color-studio.com\/index.php?rest_route=%2Fwp%2Fv2%2Fmedia&parent=13522"}],"curies":[{"name":"wp","href":"https:\/\/api.w.org\/{rel}","templated":true}]}}