{"id":13798,"date":"2023-10-18T18:43:45","date_gmt":"2023-10-18T16:43:45","guid":{"rendered":"https:\/\/quantic-color-studio.com\/?page_id=13798"},"modified":"2023-10-18T19:48:50","modified_gmt":"2023-10-18T17:48:50","slug":"the-old-world","status":"publish","type":"page","link":"https:\/\/quantic-color-studio.com\/?page_id=13798","title":{"rendered":"The Old World"},"content":{"rendered":"\t\t<div data-elementor-type=\"wp-page\" data-elementor-id=\"13798\" class=\"elementor elementor-13798\">\n\t\t\t\t\t\t<section class=\"elementor-section elementor-top-section elementor-element elementor-element-064737d elementor-section-boxed elementor-section-height-default elementor-section-height-default\" data-id=\"064737d\" data-element_type=\"section\">\n\t\t\t\t\t\t<div class=\"elementor-container elementor-column-gap-default\">\n\t\t\t\t\t<div class=\"elementor-column elementor-col-100 elementor-top-column elementor-element elementor-element-73978e9\" data-id=\"73978e9\" data-element_type=\"column\">\n\t\t\t<div class=\"elementor-widget-wrap elementor-element-populated\">\n\t\t\t\t\t\t<div class=\"elementor-element elementor-element-4989a51 elementor-widget elementor-widget-heading\" data-id=\"4989a51\" data-element_type=\"widget\" data-widget_type=\"heading.default\">\n\t\t\t\t<div class=\"elementor-widget-container\">\n\t\t\t<style>\/*! elementor - v3.23.0 - 05-08-2024 *\/\n.elementor-heading-title{padding:0;margin:0;line-height:1}.elementor-widget-heading .elementor-heading-title[class*=elementor-size-]>a{color:inherit;font-size:inherit;line-height:inherit}.elementor-widget-heading .elementor-heading-title.elementor-size-small{font-size:15px}.elementor-widget-heading .elementor-heading-title.elementor-size-medium{font-size:19px}.elementor-widget-heading .elementor-heading-title.elementor-size-large{font-size:29px}.elementor-widget-heading .elementor-heading-title.elementor-size-xl{font-size:39px}.elementor-widget-heading .elementor-heading-title.elementor-size-xxl{font-size:59px}<\/style><h3 class=\"elementor-heading-title elementor-size-default\">Nains<\/h3>\t\t<\/div>\n\t\t\t\t<\/div>\n\t\t\t\t\t<\/div>\n\t\t<\/div>\n\t\t\t\t\t<\/div>\n\t\t<\/section>\n\t\t\t\t<section class=\"elementor-section elementor-top-section elementor-element elementor-element-a3f88e2 elementor-section-boxed elementor-section-height-default elementor-section-height-default\" data-id=\"a3f88e2\" data-element_type=\"section\">\n\t\t\t\t\t\t<div class=\"elementor-container elementor-column-gap-default\">\n\t\t\t\t\t<div class=\"elementor-column elementor-col-100 elementor-top-column elementor-element elementor-element-af37359\" data-id=\"af37359\" data-element_type=\"column\">\n\t\t\t<div class=\"elementor-widget-wrap elementor-element-populated\">\n\t\t\t\t\t\t<div class=\"elementor-element elementor-element-fac5b7f gallery-spacing-custom elementor-widget elementor-widget-image-gallery\" data-id=\"fac5b7f\" data-element_type=\"widget\" data-widget_type=\"image-gallery.default\">\n\t\t\t\t<div class=\"elementor-widget-container\">\n\t\t\t<style>\/*! elementor - v3.23.0 - 05-08-2024 *\/\n.elementor-image-gallery .gallery-item{display:inline-block;text-align:center;vertical-align:top;width:100%;max-width:100%;margin:0 auto}.elementor-image-gallery .gallery-item img{margin:0 auto}.elementor-image-gallery .gallery-item .gallery-caption{margin:0}.elementor-image-gallery figure img{display:block}.elementor-image-gallery figure figcaption{width:100%}.gallery-spacing-custom .elementor-image-gallery .gallery-icon{padding:0}@media (min-width:768px){.elementor-image-gallery .gallery-columns-2 .gallery-item{max-width:50%}.elementor-image-gallery .gallery-columns-3 .gallery-item{max-width:33.33%}.elementor-image-gallery .gallery-columns-4 .gallery-item{max-width:25%}.elementor-image-gallery .gallery-columns-5 .gallery-item{max-width:20%}.elementor-image-gallery .gallery-columns-6 .gallery-item{max-width:16.666%}.elementor-image-gallery .gallery-columns-7 .gallery-item{max-width:14.28%}.elementor-image-gallery .gallery-columns-8 .gallery-item{max-width:12.5%}.elementor-image-gallery .gallery-columns-9 .gallery-item{max-width:11.11%}.elementor-image-gallery .gallery-columns-10 .gallery-item{max-width:10%}}@media (min-width:480px) and (max-width:767px){.elementor-image-gallery .gallery.gallery-columns-2 .gallery-item,.elementor-image-gallery .gallery.gallery-columns-3 .gallery-item,.elementor-image-gallery .gallery.gallery-columns-4 .gallery-item,.elementor-image-gallery .gallery.gallery-columns-5 .gallery-item,.elementor-image-gallery .gallery.gallery-columns-6 .gallery-item,.elementor-image-gallery .gallery.gallery-columns-7 .gallery-item,.elementor-image-gallery .gallery.gallery-columns-8 .gallery-item,.elementor-image-gallery .gallery.gallery-columns-9 .gallery-item,.elementor-image-gallery .gallery.gallery-columns-10 .gallery-item{max-width:50%}}@media (max-width:479px){.elementor-image-gallery .gallery.gallery-columns-2 .gallery-item,.elementor-image-gallery .gallery.gallery-columns-3 .gallery-item,.elementor-image-gallery .gallery.gallery-columns-4 .gallery-item,.elementor-image-gallery .gallery.gallery-columns-5 .gallery-item,.elementor-image-gallery .gallery.gallery-columns-6 .gallery-item,.elementor-image-gallery .gallery.gallery-columns-7 .gallery-item,.elementor-image-gallery .gallery.gallery-columns-8 .gallery-item,.elementor-image-gallery .gallery.gallery-columns-9 .gallery-item,.elementor-image-gallery .gallery.gallery-columns-10 .gallery-item{max-width:100%}}<\/style>\t\t<div class=\"elementor-image-gallery\">\n\t\t\t<div id='gallery-1' class='gallery galleryid-13798 gallery-columns-3 gallery-size-pix-big'><figure class='gallery-item'>\n\t\t\t<div class='gallery-icon landscape'>\n\t\t\t\t<a data-elementor-open-lightbox=\"yes\" data-elementor-lightbox-slideshow=\"fac5b7f\" data-elementor-lightbox-title=\"Warhammer Nains Guerriers\" data-elementor-lightbox-description=\"Unit\u00e9 de 40 guerriers nains avec arme de base et bouclier. Pr\u00eat \u00e0 participer \u00e0 la bataille \" data-e-action-hash=\"#elementor-action%3Aaction%3Dlightbox%26settings%3DeyJpZCI6MTM4OTQsInVybCI6Imh0dHBzOlwvXC9xdWFudGljLWNvbG9yLXN0dWRpby5jb21cL3dwLWNvbnRlbnRcL3VwbG9hZHNcLzIwMjNcLzEwXC9XYXJoYW1tZXItQmF0dGxlLW5haW4tMS5wbmciLCJzbGlkZXNob3ciOiJmYWM1YjdmIn0%3D\" href='https:\/\/quantic-color-studio.com\/wp-content\/uploads\/2023\/10\/Warhammer-Battle-nain-1.png'><img fetchpriority=\"high\" decoding=\"async\" width=\"600\" height=\"450\" src=\"https:\/\/quantic-color-studio.com\/wp-content\/uploads\/2023\/10\/Warhammer-Battle-nain-1-600x450.png\" class=\"attachment-pix-big size-pix-big\" alt=\"\" \/><\/a>\n\t\t\t<\/div><\/figure><figure class='gallery-item'>\n\t\t\t<div class='gallery-icon landscape'>\n\t\t\t\t<a data-elementor-open-lightbox=\"yes\" data-elementor-lightbox-slideshow=\"fac5b7f\" data-elementor-lightbox-title=\"Warhammer Nains Arquebusiers\" data-elementor-lightbox-description=\"Unit\u00e9 de 40 guerriers nains avec arme de base et bouclier. Pr\u00eat \u00e0 participer \u00e0 la bataille \" data-e-action-hash=\"#elementor-action%3Aaction%3Dlightbox%26settings%3DeyJpZCI6MTM4OTUsInVybCI6Imh0dHBzOlwvXC9xdWFudGljLWNvbG9yLXN0dWRpby5jb21cL3dwLWNvbnRlbnRcL3VwbG9hZHNcLzIwMjNcLzEwXC9XYXJoYW1tZXItQmF0dGxlLW5haW4tMi5wbmciLCJzbGlkZXNob3ciOiJmYWM1YjdmIn0%3D\" href='https:\/\/quantic-color-studio.com\/wp-content\/uploads\/2023\/10\/Warhammer-Battle-nain-2.png'><img decoding=\"async\" width=\"600\" height=\"450\" src=\"https:\/\/quantic-color-studio.com\/wp-content\/uploads\/2023\/10\/Warhammer-Battle-nain-2-600x450.png\" class=\"attachment-pix-big size-pix-big\" alt=\"\" \/><\/a>\n\t\t\t<\/div><\/figure><figure class='gallery-item'>\n\t\t\t<div class='gallery-icon landscape'>\n\t\t\t\t<a data-elementor-open-lightbox=\"yes\" data-elementor-lightbox-slideshow=\"fac5b7f\" data-elementor-lightbox-title=\"Warhammer Nains Arbaletriers\" data-elementor-lightbox-description=\"Unit\u00e9 de 40 guerriers nains avec arme de base et bouclier. Pr\u00eat \u00e0 participer \u00e0 la bataille \" data-e-action-hash=\"#elementor-action%3Aaction%3Dlightbox%26settings%3DeyJpZCI6MTM4OTYsInVybCI6Imh0dHBzOlwvXC9xdWFudGljLWNvbG9yLXN0dWRpby5jb21cL3dwLWNvbnRlbnRcL3VwbG9hZHNcLzIwMjNcLzEwXC9XYXJoYW1tZXItQmF0dGxlLW5haW4tMy5wbmciLCJzbGlkZXNob3ciOiJmYWM1YjdmIn0%3D\" href='https:\/\/quantic-color-studio.com\/wp-content\/uploads\/2023\/10\/Warhammer-Battle-nain-3.png'><img decoding=\"async\" width=\"600\" height=\"450\" src=\"https:\/\/quantic-color-studio.com\/wp-content\/uploads\/2023\/10\/Warhammer-Battle-nain-3-600x450.png\" class=\"attachment-pix-big size-pix-big\" alt=\"\" \/><\/a>\n\t\t\t<\/div><\/figure><figure class='gallery-item'>\n\t\t\t<div class='gallery-icon landscape'>\n\t\t\t\t<a data-elementor-open-lightbox=\"yes\" data-elementor-lightbox-slideshow=\"fac5b7f\" data-elementor-lightbox-title=\"Warhammer Nains Guerriers avec arme lourde\" data-elementor-lightbox-description=\"Unit\u00e9 de 40 guerriers nains avec arme de base et bouclier. Pr\u00eat \u00e0 participer \u00e0 la bataille \" data-e-action-hash=\"#elementor-action%3Aaction%3Dlightbox%26settings%3DeyJpZCI6MTM4OTcsInVybCI6Imh0dHBzOlwvXC9xdWFudGljLWNvbG9yLXN0dWRpby5jb21cL3dwLWNvbnRlbnRcL3VwbG9hZHNcLzIwMjNcLzEwXC9XYXJoYW1tZXItQmF0dGxlLW5haW4tNC5wbmciLCJzbGlkZXNob3ciOiJmYWM1YjdmIn0%3D\" href='https:\/\/quantic-color-studio.com\/wp-content\/uploads\/2023\/10\/Warhammer-Battle-nain-4.png'><img loading=\"lazy\" decoding=\"async\" width=\"600\" height=\"450\" src=\"https:\/\/quantic-color-studio.com\/wp-content\/uploads\/2023\/10\/Warhammer-Battle-nain-4-600x450.png\" class=\"attachment-pix-big size-pix-big\" alt=\"\" \/><\/a>\n\t\t\t<\/div><\/figure><figure class='gallery-item'>\n\t\t\t<div class='gallery-icon landscape'>\n\t\t\t\t<a data-elementor-open-lightbox=\"yes\" data-elementor-lightbox-slideshow=\"fac5b7f\" data-elementor-lightbox-title=\"Warhammer Nains Marteliers\" data-elementor-lightbox-description=\"Unit\u00e9 de 40 guerriers nains avec arme de base et bouclier. Pr\u00eat \u00e0 participer \u00e0 la bataille \" data-e-action-hash=\"#elementor-action%3Aaction%3Dlightbox%26settings%3DeyJpZCI6MTM4OTksInVybCI6Imh0dHBzOlwvXC9xdWFudGljLWNvbG9yLXN0dWRpby5jb21cL3dwLWNvbnRlbnRcL3VwbG9hZHNcLzIwMjNcLzEwXC9XYXJoYW1tZXItQmF0dGxlLW5haW4tNi5wbmciLCJzbGlkZXNob3ciOiJmYWM1YjdmIn0%3D\" href='https:\/\/quantic-color-studio.com\/wp-content\/uploads\/2023\/10\/Warhammer-Battle-nain-6.png'><img loading=\"lazy\" decoding=\"async\" width=\"600\" height=\"450\" src=\"https:\/\/quantic-color-studio.com\/wp-content\/uploads\/2023\/10\/Warhammer-Battle-nain-6-600x450.png\" class=\"attachment-pix-big size-pix-big\" alt=\"\" \/><\/a>\n\t\t\t<\/div><\/figure><figure class='gallery-item'>\n\t\t\t<div class='gallery-icon landscape'>\n\t\t\t\t<a data-elementor-open-lightbox=\"yes\" data-elementor-lightbox-slideshow=\"fac5b7f\" data-elementor-lightbox-title=\"Warhammer Nains Marteliers\" data-elementor-lightbox-description=\"Unit\u00e9 de 40 guerriers nains avec arme de base et bouclier. Pr\u00eat \u00e0 participer \u00e0 la bataille \" data-e-action-hash=\"#elementor-action%3Aaction%3Dlightbox%26settings%3DeyJpZCI6MTM5MDEsInVybCI6Imh0dHBzOlwvXC9xdWFudGljLWNvbG9yLXN0dWRpby5jb21cL3dwLWNvbnRlbnRcL3VwbG9hZHNcLzIwMjNcLzEwXC9XYXJoYW1tZXItQmF0dGxlLW5haW4tOC5wbmciLCJzbGlkZXNob3ciOiJmYWM1YjdmIn0%3D\" href='https:\/\/quantic-color-studio.com\/wp-content\/uploads\/2023\/10\/Warhammer-Battle-nain-8.png'><img loading=\"lazy\" decoding=\"async\" width=\"600\" height=\"450\" src=\"https:\/\/quantic-color-studio.com\/wp-content\/uploads\/2023\/10\/Warhammer-Battle-nain-8-600x450.png\" class=\"attachment-pix-big size-pix-big\" alt=\"\" \/><\/a>\n\t\t\t<\/div><\/figure>\n\t\t<\/div>\n\t\t<\/div>\n\t\t\t\t<\/div>\n\t\t\t\t<\/div>\n\t\t\t\t\t<\/div>\n\t\t<\/div>\n\t\t\t\t\t<\/div>\n\t\t<\/section>\n\t\t\t\t<\/div>\n\t\t","protected":false},"excerpt":{"rendered":"<p>Nains<\/p>\n","protected":false},"author":1,"featured_media":0,"parent":2,"menu_order":0,"comment_status":"closed","ping_status":"closed","template":"","meta":{"footnotes":""},"class_list":["post-13798","page","type-page","status-publish","hentry"],"_links":{"self":[{"href":"https:\/\/quantic-color-studio.com\/index.php?rest_route=\/wp\/v2\/pages\/13798","targetHints":{"allow":["GET"]}}],"collection":[{"href":"https:\/\/quantic-color-studio.com\/index.php?rest_route=\/wp\/v2\/pages"}],"about":[{"href":"https:\/\/quantic-color-studio.com\/index.php?rest_route=\/wp\/v2\/types\/page"}],"author":[{"embeddable":true,"href":"https:\/\/quantic-color-studio.com\/index.php?rest_route=\/wp\/v2\/users\/1"}],"replies":[{"embeddable":true,"href":"https:\/\/quantic-color-studio.com\/index.php?rest_route=%2Fwp%2Fv2%2Fcomments&post=13798"}],"version-history":[{"count":5,"href":"https:\/\/quantic-color-studio.com\/index.php?rest_route=\/wp\/v2\/pages\/13798\/revisions"}],"predecessor-version":[{"id":13976,"href":"https:\/\/quantic-color-studio.com\/index.php?rest_route=\/wp\/v2\/pages\/13798\/revisions\/13976"}],"up":[{"embeddable":true,"href":"https:\/\/quantic-color-studio.com\/index.php?rest_route=\/wp\/v2\/pages\/2"}],"wp:attachment":[{"href":"https:\/\/quantic-color-studio.com\/index.php?rest_route=%2Fwp%2Fv2%2Fmedia&parent=13798"}],"curies":[{"name":"wp","href":"https:\/\/api.w.org\/{rel}","templated":true}]}}