{"id":2,"date":"2022-10-27T16:57:22","date_gmt":"2022-10-27T14:57:22","guid":{"rendered":"http:\/\/quantic-color-studio.com\/?page_id=2"},"modified":"2025-01-17T15:19:04","modified_gmt":"2025-01-17T14:19:04","slug":"page-galerie","status":"publish","type":"page","link":"https:\/\/quantic-color-studio.com\/?page_id=2","title":{"rendered":"Galerie"},"content":{"rendered":"\t\t<div data-elementor-type=\"wp-page\" data-elementor-id=\"2\" class=\"elementor elementor-2\">\n\t\t\t\t\t\t<section class=\"elementor-section elementor-top-section elementor-element elementor-element-3449144 elementor-section-boxed elementor-section-height-default elementor-section-height-default\" data-id=\"3449144\" data-element_type=\"section\">\n\t\t\t\t\t\t<div class=\"elementor-container elementor-column-gap-default\">\n\t\t\t\t\t<div class=\"elementor-column elementor-col-100 elementor-top-column elementor-element elementor-element-1ba2e87\" data-id=\"1ba2e87\" data-element_type=\"column\">\n\t\t\t<div class=\"elementor-widget-wrap elementor-element-populated\">\n\t\t\t\t\t\t<div class=\"elementor-element elementor-element-88bdf16 elementor-position-top elementor-widget elementor-widget-image-box\" data-id=\"88bdf16\" data-element_type=\"widget\" data-widget_type=\"image-box.default\">\n\t\t\t\t<div class=\"elementor-widget-container\">\n\t\t\t<style>\/*! elementor - v3.23.0 - 05-08-2024 *\/\n.elementor-widget-image-box .elementor-image-box-content{width:100%}@media (min-width:768px){.elementor-widget-image-box.elementor-position-left .elementor-image-box-wrapper,.elementor-widget-image-box.elementor-position-right .elementor-image-box-wrapper{display:flex}.elementor-widget-image-box.elementor-position-right .elementor-image-box-wrapper{text-align:end;flex-direction:row-reverse}.elementor-widget-image-box.elementor-position-left .elementor-image-box-wrapper{text-align:start;flex-direction:row}.elementor-widget-image-box.elementor-position-top .elementor-image-box-img{margin:auto}.elementor-widget-image-box.elementor-vertical-align-top .elementor-image-box-wrapper{align-items:flex-start}.elementor-widget-image-box.elementor-vertical-align-middle .elementor-image-box-wrapper{align-items:center}.elementor-widget-image-box.elementor-vertical-align-bottom .elementor-image-box-wrapper{align-items:flex-end}}@media (max-width:767px){.elementor-widget-image-box .elementor-image-box-img{margin-left:auto!important;margin-right:auto!important;margin-bottom:15px}}.elementor-widget-image-box .elementor-image-box-img{display:inline-block}.elementor-widget-image-box .elementor-image-box-title a{color:inherit}.elementor-widget-image-box .elementor-image-box-wrapper{text-align:center}.elementor-widget-image-box .elementor-image-box-description{margin:0}<\/style><div class=\"elementor-image-box-wrapper\"><figure class=\"elementor-image-box-img\"><img fetchpriority=\"high\" decoding=\"async\" width=\"1080\" height=\"1080\" src=\"https:\/\/quantic-color-studio.com\/wp-content\/uploads\/2023\/10\/Design-sans-titre-2.png\" class=\"attachment-full size-full wp-image-13787\" alt=\"\" srcset=\"https:\/\/quantic-color-studio.com\/wp-content\/uploads\/2023\/10\/Design-sans-titre-2.png 1080w, https:\/\/quantic-color-studio.com\/wp-content\/uploads\/2023\/10\/Design-sans-titre-2-300x300.png 300w, https:\/\/quantic-color-studio.com\/wp-content\/uploads\/2023\/10\/Design-sans-titre-2-1024x1024.png 1024w, https:\/\/quantic-color-studio.com\/wp-content\/uploads\/2023\/10\/Design-sans-titre-2-150x150.png 150w, https:\/\/quantic-color-studio.com\/wp-content\/uploads\/2023\/10\/Design-sans-titre-2-768x768.png 768w, https:\/\/quantic-color-studio.com\/wp-content\/uploads\/2023\/10\/Design-sans-titre-2-400x400.png 400w, https:\/\/quantic-color-studio.com\/wp-content\/uploads\/2023\/10\/Design-sans-titre-2-75x75.png 75w, https:\/\/quantic-color-studio.com\/wp-content\/uploads\/2023\/10\/Design-sans-titre-2-460x460.png 460w\" sizes=\"(max-width: 1080px) 100vw, 1080px\" \/><\/figure><div class=\"elementor-image-box-content\"><h3 class=\"elementor-image-box-title\">Warhammer 40 k<\/h3><p class=\"elementor-image-box-description\">Voil\u00e0 un univers iconique avec son lot de figurines incroyables issus des innombrables mondes et races toutes plus belliqueuses les unes que les autres !\n\nPeindre les figurines 40k est toujours un r\u00e9gal tant les figurines sont vari\u00e9es. L\u2019univers Grimdark permet toutes les fantaisies en termes de conversions et de peinture !\n<\/p><\/div><\/div>\t\t<\/div>\n\t\t\t\t<\/div>\n\t\t\t\t\t<\/div>\n\t\t<\/div>\n\t\t\t\t\t<\/div>\n\t\t<\/section>\n\t\t\t\t<section class=\"elementor-section elementor-top-section elementor-element elementor-element-779ca5f elementor-section-boxed elementor-section-height-default elementor-section-height-default\" data-id=\"779ca5f\" data-element_type=\"section\">\n\t\t\t\t\t\t<div class=\"elementor-container elementor-column-gap-default\">\n\t\t\t\t\t<div class=\"elementor-column elementor-col-100 elementor-top-column elementor-element elementor-element-31495f4\" data-id=\"31495f4\" data-element_type=\"column\">\n\t\t\t<div class=\"elementor-widget-wrap elementor-element-populated\">\n\t\t\t\t\t\t<div class=\"elementor-element elementor-element-183e9fa elementor-button-info elementor-align-center elementor-widget elementor-widget-button\" data-id=\"183e9fa\" data-element_type=\"widget\" data-widget_type=\"button.default\">\n\t\t\t\t<div class=\"elementor-widget-container\">\n\t\t\t\t\t<div class=\"elementor-button-wrapper\">\n\t\t\t<a class=\"elementor-button elementor-button-link elementor-size-sm\" href=\"https:\/\/quantic-color-studio.com\/?page_id=13733\">\n\t\t\t\t\t\t<span class=\"elementor-button-content-wrapper\">\n\t\t\t\t\t\t<span class=\"elementor-button-icon\">\n\t\t\t\t<i aria-hidden=\"true\" class=\"fas fa-photo-video\"><\/i>\t\t\t<\/span>\n\t\t\t\t\t\t\t\t\t<span class=\"elementor-button-text\">Toute la galerie 40k <\/span>\n\t\t\t\t\t<\/span>\n\t\t\t\t\t<\/a>\n\t\t<\/div>\n\t\t\t\t<\/div>\n\t\t\t\t<\/div>\n\t\t\t\t\t<\/div>\n\t\t<\/div>\n\t\t\t\t\t<\/div>\n\t\t<\/section>\n\t\t\t\t<section class=\"elementor-section elementor-top-section elementor-element elementor-element-ad1012b elementor-section-boxed elementor-section-height-default elementor-section-height-default\" data-id=\"ad1012b\" data-element_type=\"section\">\n\t\t\t\t\t\t<div class=\"elementor-container elementor-column-gap-default\">\n\t\t\t\t\t<div class=\"elementor-column elementor-col-100 elementor-top-column elementor-element elementor-element-9c0a98c\" data-id=\"9c0a98c\" data-element_type=\"column\">\n\t\t\t<div class=\"elementor-widget-wrap\">\n\t\t\t\t\t\t\t<\/div>\n\t\t<\/div>\n\t\t\t\t\t<\/div>\n\t\t<\/section>\n\t\t\t\t<section class=\"elementor-section elementor-top-section elementor-element elementor-element-c368963 elementor-section-boxed elementor-section-height-default elementor-section-height-default\" data-id=\"c368963\" data-element_type=\"section\" data-settings=\"{&quot;background_background&quot;:&quot;classic&quot;}\">\n\t\t\t\t\t\t<div class=\"elementor-container elementor-column-gap-default\">\n\t\t\t\t\t<div class=\"elementor-column elementor-col-100 elementor-top-column elementor-element elementor-element-85f7ee6\" data-id=\"85f7ee6\" data-element_type=\"column\">\n\t\t\t<div class=\"elementor-widget-wrap elementor-element-populated\">\n\t\t\t\t\t\t<div class=\"elementor-element elementor-element-02b2fe9 elementor-widget elementor-widget-pix-dividers\" data-id=\"02b2fe9\" data-element_type=\"widget\" data-widget_type=\"pix-dividers.default\">\n\t\t\t\t<div class=\"elementor-widget-container\">\n\t\t\t<div class=\"pix-divider  position-relative pix-top-divider\" data-style=\"style-dynamic\" style=\"top:-1px;\"><div class=\"pix-dividers-box\" >\n                    <svg class=\"pix-shape-dividers\"  viewBox=\"0 0 100 100\" preserveAspectRatio=\"none\">\n                        <defs><linearGradient id=\"divider-pix-accordion-773670-top-overlay-color-1\" x1=\"0%\" y1=\"0%\" x2=\"100%\" y2=\"0%\"><stop offset=\"0%\"   stop-color=\"#F8F9FA21\"\/><stop offset=\"100%\"   stop-color=\"#F8F9FA2E\"\/><\/linearGradient><linearGradient id=\"divider-pix-accordion-773670-top-overlay-color-2\" x1=\"0%\" y1=\"0%\" x2=\"100%\" y2=\"0%\"><stop offset=\"0%\"   stop-color=\"#F8F9FA05\"\/><stop offset=\"100%\"   stop-color=\"#F8F9FA3B\"\/><\/linearGradient><\/defs><path d=\"\" class=\"\" fill=\"#FFFFFF\"><\/path><path d=\"\" class=\"\" fill=\"url(#divider-pix-accordion-773670-top-overlay-color-1)\"><\/path><path d=\"\" class=\"\" fill=\"url(#divider-pix-accordion-773670-top-overlay-color-2)\"><\/path>\n                    <\/svg>\n                <\/div><\/div>\t\t<\/div>\n\t\t\t\t<\/div>\n\t\t\t\t\t<\/div>\n\t\t<\/div>\n\t\t\t\t\t<\/div>\n\t\t<\/section>\n\t\t\t\t<section class=\"elementor-section elementor-top-section elementor-element elementor-element-7f099af elementor-section-boxed elementor-section-height-default elementor-section-height-default\" data-id=\"7f099af\" data-element_type=\"section\" data-settings=\"{&quot;background_background&quot;:&quot;gradient&quot;}\">\n\t\t\t\t\t\t<div class=\"elementor-container elementor-column-gap-default\">\n\t\t\t\t\t<div class=\"elementor-column elementor-col-100 elementor-top-column elementor-element elementor-element-0e8aa60\" data-id=\"0e8aa60\" data-element_type=\"column\">\n\t\t\t<div class=\"elementor-widget-wrap elementor-element-populated\">\n\t\t\t\t\t\t<div class=\"elementor-element elementor-element-4b898ad elementor-position-top elementor-widget elementor-widget-image-box\" data-id=\"4b898ad\" data-element_type=\"widget\" data-widget_type=\"image-box.default\">\n\t\t\t\t<div class=\"elementor-widget-container\">\n\t\t\t<div class=\"elementor-image-box-wrapper\"><figure class=\"elementor-image-box-img\"><img decoding=\"async\" width=\"1080\" height=\"1080\" src=\"https:\/\/quantic-color-studio.com\/wp-content\/uploads\/2023\/10\/Design-sans-titre-1.png\" class=\"attachment-full size-full wp-image-13786\" alt=\"\" srcset=\"https:\/\/quantic-color-studio.com\/wp-content\/uploads\/2023\/10\/Design-sans-titre-1.png 1080w, https:\/\/quantic-color-studio.com\/wp-content\/uploads\/2023\/10\/Design-sans-titre-1-300x300.png 300w, https:\/\/quantic-color-studio.com\/wp-content\/uploads\/2023\/10\/Design-sans-titre-1-1024x1024.png 1024w, https:\/\/quantic-color-studio.com\/wp-content\/uploads\/2023\/10\/Design-sans-titre-1-150x150.png 150w, https:\/\/quantic-color-studio.com\/wp-content\/uploads\/2023\/10\/Design-sans-titre-1-768x768.png 768w, https:\/\/quantic-color-studio.com\/wp-content\/uploads\/2023\/10\/Design-sans-titre-1-400x400.png 400w, https:\/\/quantic-color-studio.com\/wp-content\/uploads\/2023\/10\/Design-sans-titre-1-75x75.png 75w, https:\/\/quantic-color-studio.com\/wp-content\/uploads\/2023\/10\/Design-sans-titre-1-460x460.png 460w\" sizes=\"(max-width: 1080px) 100vw, 1080px\" \/><\/figure><div class=\"elementor-image-box-content\"><h3 class=\"elementor-image-box-title\">Warhammer Age of Sigmar <\/h3><p class=\"elementor-image-box-description\">\nIl n\u2019y a pas \u00e0 dire, l\u2019arriv\u00e9e de ce jeu s\u2019est faite avec son lot de figurines d\u2019envergures. On est dans le haut de la high fantasy avec des leaders magistraux et des h\u00e9ros non moins charismatiques !\nToutes les races sont ultra typ\u00e9es, ce qui permet de chercher \u00e0 rendre ces particularit\u00e9s en peinture. Ce nouvel univers casse les codes pour mon plus grand plaisir de cr\u00e9ation !\n<\/p><\/div><\/div>\t\t<\/div>\n\t\t\t\t<\/div>\n\t\t\t\t\t<\/div>\n\t\t<\/div>\n\t\t\t\t\t<\/div>\n\t\t<\/section>\n\t\t\t\t<section class=\"elementor-section elementor-top-section elementor-element elementor-element-264f843 elementor-section-boxed elementor-section-height-default elementor-section-height-default\" data-id=\"264f843\" data-element_type=\"section\" data-settings=\"{&quot;background_background&quot;:&quot;classic&quot;}\">\n\t\t\t\t\t\t<div class=\"elementor-container elementor-column-gap-default\">\n\t\t\t\t\t<div class=\"elementor-column elementor-col-100 elementor-top-column elementor-element elementor-element-c1a598b\" data-id=\"c1a598b\" data-element_type=\"column\" data-settings=\"{&quot;background_background&quot;:&quot;classic&quot;}\">\n\t\t\t<div class=\"elementor-widget-wrap elementor-element-populated\">\n\t\t\t\t\t\t<div class=\"elementor-element elementor-element-b9c4d55 elementor-button-info elementor-align-center elementor-widget elementor-widget-button\" data-id=\"b9c4d55\" data-element_type=\"widget\" data-widget_type=\"button.default\">\n\t\t\t\t<div class=\"elementor-widget-container\">\n\t\t\t\t\t<div class=\"elementor-button-wrapper\">\n\t\t\t<a class=\"elementor-button elementor-button-link elementor-size-sm\" href=\"https:\/\/quantic-color-studio.com\/?page_id=13777\">\n\t\t\t\t\t\t<span class=\"elementor-button-content-wrapper\">\n\t\t\t\t\t\t<span class=\"elementor-button-icon\">\n\t\t\t\t<i aria-hidden=\"true\" class=\"far fa-images\"><\/i>\t\t\t<\/span>\n\t\t\t\t\t\t\t\t\t<span class=\"elementor-button-text\">Toute la galerie Age of Sigmar<\/span>\n\t\t\t\t\t<\/span>\n\t\t\t\t\t<\/a>\n\t\t<\/div>\n\t\t\t\t<\/div>\n\t\t\t\t<\/div>\n\t\t\t\t\t<\/div>\n\t\t<\/div>\n\t\t\t\t\t<\/div>\n\t\t<\/section>\n\t\t\t\t<section class=\"elementor-section elementor-top-section elementor-element elementor-element-45040da elementor-section-boxed elementor-section-height-default elementor-section-height-default\" data-id=\"45040da\" data-element_type=\"section\">\n\t\t\t\t\t\t<div class=\"elementor-container elementor-column-gap-default\">\n\t\t\t\t\t<div class=\"elementor-column elementor-col-100 elementor-top-column elementor-element elementor-element-038ff57\" data-id=\"038ff57\" data-element_type=\"column\">\n\t\t\t<div class=\"elementor-widget-wrap elementor-element-populated\">\n\t\t\t\t\t\t<div class=\"elementor-element elementor-element-a084127 elementor-widget elementor-widget-spacer\" data-id=\"a084127\" data-element_type=\"widget\" data-widget_type=\"spacer.default\">\n\t\t\t\t<div class=\"elementor-widget-container\">\n\t\t\t<style>\/*! elementor - v3.23.0 - 05-08-2024 *\/\n.elementor-column .elementor-spacer-inner{height:var(--spacer-size)}.e-con{--container-widget-width:100%}.e-con-inner>.elementor-widget-spacer,.e-con>.elementor-widget-spacer{width:var(--container-widget-width,var(--spacer-size));--align-self:var(--container-widget-align-self,initial);--flex-shrink:0}.e-con-inner>.elementor-widget-spacer>.elementor-widget-container,.e-con>.elementor-widget-spacer>.elementor-widget-container{height:100%;width:100%}.e-con-inner>.elementor-widget-spacer>.elementor-widget-container>.elementor-spacer,.e-con>.elementor-widget-spacer>.elementor-widget-container>.elementor-spacer{height:100%}.e-con-inner>.elementor-widget-spacer>.elementor-widget-container>.elementor-spacer>.elementor-spacer-inner,.e-con>.elementor-widget-spacer>.elementor-widget-container>.elementor-spacer>.elementor-spacer-inner{height:var(--container-widget-height,var(--spacer-size))}.e-con-inner>.elementor-widget-spacer.elementor-widget-empty,.e-con>.elementor-widget-spacer.elementor-widget-empty{position:relative;min-height:22px;min-width:22px}.e-con-inner>.elementor-widget-spacer.elementor-widget-empty .elementor-widget-empty-icon,.e-con>.elementor-widget-spacer.elementor-widget-empty .elementor-widget-empty-icon{position:absolute;top:0;bottom:0;left:0;right:0;margin:auto;padding:0;width:22px;height:22px}<\/style>\t\t<div class=\"elementor-spacer\">\n\t\t\t<div class=\"elementor-spacer-inner\"><\/div>\n\t\t<\/div>\n\t\t\t\t<\/div>\n\t\t\t\t<\/div>\n\t\t\t\t\t<\/div>\n\t\t<\/div>\n\t\t\t\t\t<\/div>\n\t\t<\/section>\n\t\t\t\t<section class=\"elementor-section elementor-top-section elementor-element elementor-element-132ec0c elementor-section-boxed elementor-section-height-default elementor-section-height-default\" data-id=\"132ec0c\" data-element_type=\"section\">\n\t\t\t\t\t\t<div class=\"elementor-container elementor-column-gap-default\">\n\t\t\t\t\t<div class=\"elementor-column elementor-col-100 elementor-top-column elementor-element elementor-element-5fcd989\" data-id=\"5fcd989\" data-element_type=\"column\">\n\t\t\t<div class=\"elementor-widget-wrap elementor-element-populated\">\n\t\t\t\t\t\t<div class=\"elementor-element elementor-element-570c043 elementor-position-top elementor-widget elementor-widget-image-box\" data-id=\"570c043\" data-element_type=\"widget\" data-widget_type=\"image-box.default\">\n\t\t\t\t<div class=\"elementor-widget-container\">\n\t\t\t<div class=\"elementor-image-box-wrapper\"><figure class=\"elementor-image-box-img\"><img decoding=\"async\" width=\"1201\" height=\"1254\" src=\"https:\/\/quantic-color-studio.com\/wp-content\/uploads\/2023\/10\/Nains.png\" class=\"attachment-full size-full wp-image-13785\" alt=\"\" srcset=\"https:\/\/quantic-color-studio.com\/wp-content\/uploads\/2023\/10\/Nains.png 1201w, https:\/\/quantic-color-studio.com\/wp-content\/uploads\/2023\/10\/Nains-287x300.png 287w, https:\/\/quantic-color-studio.com\/wp-content\/uploads\/2023\/10\/Nains-981x1024.png 981w, https:\/\/quantic-color-studio.com\/wp-content\/uploads\/2023\/10\/Nains-768x802.png 768w\" sizes=\"(max-width: 1201px) 100vw, 1201px\" \/><\/figure><div class=\"elementor-image-box-content\"><h3 class=\"elementor-image-box-title\">Warhammer The Old World<\/h3><p class=\"elementor-image-box-description\">\nAh ces bon vieux socles carr\u00e9s, ses r\u00e9giments coll\u00e9s aux coude \u00e0 coude et ce moment \u00e9pique une fois les arm\u00e9es d\u00e9ploy\u00e9es se faisant face.\nLe vieux monde de Warhammer est une source in\u00e9puisable de figurines et de personnages grandioses ! C\u2019est un plaisir sans fin que de peindre ces r\u00e9giments de renoms et autres monstruosit\u00e9s qui rejoignent les arm\u00e9es.\n<\/p><\/div><\/div>\t\t<\/div>\n\t\t\t\t<\/div>\n\t\t\t\t\t<\/div>\n\t\t<\/div>\n\t\t\t\t\t<\/div>\n\t\t<\/section>\n\t\t\t\t<section class=\"elementor-section elementor-top-section elementor-element elementor-element-a012c80 elementor-section-boxed elementor-section-height-default elementor-section-height-default\" data-id=\"a012c80\" data-element_type=\"section\">\n\t\t\t\t\t\t<div class=\"elementor-container elementor-column-gap-default\">\n\t\t\t\t\t<div class=\"elementor-column elementor-col-100 elementor-top-column elementor-element elementor-element-6877b9a\" data-id=\"6877b9a\" data-element_type=\"column\">\n\t\t\t<div class=\"elementor-widget-wrap elementor-element-populated\">\n\t\t\t\t\t\t<div class=\"elementor-element elementor-element-5d46d29 elementor-button-info elementor-align-center elementor-widget elementor-widget-button\" data-id=\"5d46d29\" data-element_type=\"widget\" data-widget_type=\"button.default\">\n\t\t\t\t<div class=\"elementor-widget-container\">\n\t\t\t\t\t<div class=\"elementor-button-wrapper\">\n\t\t\t<a class=\"elementor-button elementor-button-link elementor-size-sm\" href=\"https:\/\/quantic-color-studio.com\/?page_id=13798\">\n\t\t\t\t\t\t<span class=\"elementor-button-content-wrapper\">\n\t\t\t\t\t\t<span class=\"elementor-button-icon\">\n\t\t\t\t<i aria-hidden=\"true\" class=\"far fa-image\"><\/i>\t\t\t<\/span>\n\t\t\t\t\t\t\t\t\t<span class=\"elementor-button-text\">Toute la galerie Old World<\/span>\n\t\t\t\t\t<\/span>\n\t\t\t\t\t<\/a>\n\t\t<\/div>\n\t\t\t\t<\/div>\n\t\t\t\t<\/div>\n\t\t\t\t\t<\/div>\n\t\t<\/div>\n\t\t\t\t\t<\/div>\n\t\t<\/section>\n\t\t\t\t<section class=\"elementor-section elementor-top-section elementor-element elementor-element-dff97a5 elementor-section-boxed elementor-section-height-default elementor-section-height-default\" data-id=\"dff97a5\" data-element_type=\"section\">\n\t\t\t\t\t\t<div class=\"elementor-container elementor-column-gap-default\">\n\t\t\t\t\t<div class=\"elementor-column elementor-col-100 elementor-top-column elementor-element elementor-element-8caa0e0\" data-id=\"8caa0e0\" data-element_type=\"column\">\n\t\t\t<div class=\"elementor-widget-wrap elementor-element-populated\">\n\t\t\t\t\t\t<div class=\"elementor-element elementor-element-e06e7d8 elementor-widget elementor-widget-spacer\" data-id=\"e06e7d8\" data-element_type=\"widget\" data-widget_type=\"spacer.default\">\n\t\t\t\t<div class=\"elementor-widget-container\">\n\t\t\t\t\t<div class=\"elementor-spacer\">\n\t\t\t<div class=\"elementor-spacer-inner\"><\/div>\n\t\t<\/div>\n\t\t\t\t<\/div>\n\t\t\t\t<\/div>\n\t\t\t\t\t<\/div>\n\t\t<\/div>\n\t\t\t\t\t<\/div>\n\t\t<\/section>\n\t\t\t\t<section class=\"elementor-section elementor-top-section elementor-element elementor-element-1024db9 elementor-section-boxed elementor-section-height-default elementor-section-height-default\" data-id=\"1024db9\" data-element_type=\"section\">\n\t\t\t\t\t\t<div class=\"elementor-container elementor-column-gap-default\">\n\t\t\t\t\t<div class=\"elementor-column elementor-col-100 elementor-top-column elementor-element elementor-element-8a09c2e\" data-id=\"8a09c2e\" data-element_type=\"column\">\n\t\t\t<div class=\"elementor-widget-wrap elementor-element-populated\">\n\t\t\t\t\t\t<div class=\"elementor-element elementor-element-7f641fb elementor-position-top elementor-widget elementor-widget-image-box\" data-id=\"7f641fb\" data-element_type=\"widget\" data-widget_type=\"image-box.default\">\n\t\t\t\t<div class=\"elementor-widget-container\">\n\t\t\t<div class=\"elementor-image-box-wrapper\"><figure class=\"elementor-image-box-img\"><img loading=\"lazy\" decoding=\"async\" width=\"2560\" height=\"1920\" src=\"https:\/\/quantic-color-studio.com\/wp-content\/uploads\/2022\/11\/Rising-sun-29-scaled.jpg\" class=\"attachment-full size-full wp-image-13473\" alt=\"\" srcset=\"https:\/\/quantic-color-studio.com\/wp-content\/uploads\/2022\/11\/Rising-sun-29-scaled.jpg 2560w, https:\/\/quantic-color-studio.com\/wp-content\/uploads\/2022\/11\/Rising-sun-29-300x225.jpg 300w, https:\/\/quantic-color-studio.com\/wp-content\/uploads\/2022\/11\/Rising-sun-29-1024x768.jpg 1024w, https:\/\/quantic-color-studio.com\/wp-content\/uploads\/2022\/11\/Rising-sun-29-768x576.jpg 768w, https:\/\/quantic-color-studio.com\/wp-content\/uploads\/2022\/11\/Rising-sun-29-1536x1152.jpg 1536w, https:\/\/quantic-color-studio.com\/wp-content\/uploads\/2022\/11\/Rising-sun-29-2048x1536.jpg 2048w, https:\/\/quantic-color-studio.com\/wp-content\/uploads\/2022\/11\/Rising-sun-29-600x450.jpg 600w\" sizes=\"(max-width: 2560px) 100vw, 2560px\" \/><\/figure><div class=\"elementor-image-box-content\"><h3 class=\"elementor-image-box-title\">Jeux de plateau<\/h3><p class=\"elementor-image-box-description\">Rising Sun, Ankh, Zombicide, Hero Quest...<\/p><\/div><\/div>\t\t<\/div>\n\t\t\t\t<\/div>\n\t\t\t\t\t<\/div>\n\t\t<\/div>\n\t\t\t\t\t<\/div>\n\t\t<\/section>\n\t\t\t\t<section class=\"elementor-section elementor-top-section elementor-element elementor-element-3383941 elementor-section-boxed elementor-section-height-default elementor-section-height-default\" data-id=\"3383941\" data-element_type=\"section\">\n\t\t\t\t\t\t<div class=\"elementor-container elementor-column-gap-default\">\n\t\t\t\t\t<div class=\"elementor-column elementor-col-100 elementor-top-column elementor-element elementor-element-86110c7\" data-id=\"86110c7\" data-element_type=\"column\">\n\t\t\t<div class=\"elementor-widget-wrap elementor-element-populated\">\n\t\t\t\t\t\t<div class=\"elementor-element elementor-element-8953576 elementor-align-center elementor-widget elementor-widget-button\" data-id=\"8953576\" data-element_type=\"widget\" data-widget_type=\"button.default\">\n\t\t\t\t<div class=\"elementor-widget-container\">\n\t\t\t\t\t<div class=\"elementor-button-wrapper\">\n\t\t\t<a class=\"elementor-button elementor-button-link elementor-size-sm\" href=\"#\">\n\t\t\t\t\t\t<span class=\"elementor-button-content-wrapper\">\n\t\t\t\t\t\t<span class=\"elementor-button-icon\">\n\t\t\t\t<i aria-hidden=\"true\" class=\"icon icon-image-gallery\"><\/i>\t\t\t<\/span>\n\t\t\t\t\t\t\t\t\t<span class=\"elementor-button-text\">Toute la galerie Jeux de plateau<\/span>\n\t\t\t\t\t<\/span>\n\t\t\t\t\t<\/a>\n\t\t<\/div>\n\t\t\t\t<\/div>\n\t\t\t\t<\/div>\n\t\t\t\t\t<\/div>\n\t\t<\/div>\n\t\t\t\t\t<\/div>\n\t\t<\/section>\n\t\t\t\t<\/div>\n\t\t","protected":false},"excerpt":{"rendered":"<p>Warhammer 40 k Voil\u00e0 un univers iconique avec son lot de figurines incroyables issus des innombrables mondes et races toutes plus belliqueuses les unes que les autres ! Peindre les figurines 40k est toujours un r\u00e9gal tant les figurines sont&#8230;<\/p>\n","protected":false},"author":1,"featured_media":0,"parent":0,"menu_order":0,"comment_status":"closed","ping_status":"open","template":"","meta":{"footnotes":""},"class_list":["post-2","page","type-page","status-publish","hentry"],"_links":{"self":[{"href":"https:\/\/quantic-color-studio.com\/index.php?rest_route=\/wp\/v2\/pages\/2","targetHints":{"allow":["GET"]}}],"collection":[{"href":"https:\/\/quantic-color-studio.com\/index.php?rest_route=\/wp\/v2\/pages"}],"about":[{"href":"https:\/\/quantic-color-studio.com\/index.php?rest_route=\/wp\/v2\/types\/page"}],"author":[{"embeddable":true,"href":"https:\/\/quantic-color-studio.com\/index.php?rest_route=\/wp\/v2\/users\/1"}],"replies":[{"embeddable":true,"href":"https:\/\/quantic-color-studio.com\/index.php?rest_route=%2Fwp%2Fv2%2Fcomments&post=2"}],"version-history":[{"count":81,"href":"https:\/\/quantic-color-studio.com\/index.php?rest_route=\/wp\/v2\/pages\/2\/revisions"}],"predecessor-version":[{"id":14026,"href":"https:\/\/quantic-color-studio.com\/index.php?rest_route=\/wp\/v2\/pages\/2\/revisions\/14026"}],"wp:attachment":[{"href":"https:\/\/quantic-color-studio.com\/index.php?rest_route=%2Fwp%2Fv2%2Fmedia&parent=2"}],"curies":[{"name":"wp","href":"https:\/\/api.w.org\/{rel}","templated":true}]}}